{"id":29,"date":"2020-09-30T02:22:26","date_gmt":"2020-09-30T02:22:26","guid":{"rendered":"https:\/\/digestivohealth.com\/es\/?post_type=product&#038;p=29"},"modified":"2024-02-15T05:23:06","modified_gmt":"2024-02-15T05:23:06","slug":"complete-probiotics","status":"publish","type":"product","link":"https:\/\/digestivohealth.com\/es\/producto\/complete-probiotics\/","title":{"rendered":"Complete Probiotics"},"content":{"rendered":"<div class=\"gridtres\">\n<div>\n<p><b>Complete Probiotics<\/b> contiene siete de los Lactobacilos m\u00e1s importantes que promueven un mejor equilibrio en tu flora intestinal (bacterias buenas y bacterias malas).<\/p>\n<p><b>DE111\u00ae\ufe0f Bacillus subtilis:<\/b> ayuda a reforzar tu sistema inmunol\u00f3gico, adem\u00e1s puede sobrevivir aun en el ambiente acido del est\u00f3mago permiti\u00e9ndole llegar hasta los intestinos.<\/p>\n<p><b>Lactobacillus rhamnosus:<\/b> mejora los s\u00edntomas del s\u00edndrome intestino irritable.<\/p>\n<\/p><\/div>\n<div>\n<p><b>Lactobacillus casei:<\/b> mejora la digesti\u00f3n, reduce el riesgo de tener intolerancia a la leche y sus derivados.<\/p>\n<p><b>Bifidobacterium longum:<\/b> ayuda a evitar el estre\u00f1imiento, reduce la inflamaci\u00f3n asociada con la inflamaci\u00f3n del intestino.<\/p>\n<p><b>Lactobacillus acidophilus:<\/b> mantiene un balance en la flora intestinal ayudando as\u00ed a tener una buena salud en tu sistema digestivo.<\/p>\n<\/p><\/div>\n<div>\n<p><b>Lactobacillus plantarum:<\/b> normaliza el funcionamiento del aparato digestivo, y brinda bienestar a quienes sufren del s\u00edndrome del intestino irritable.<\/p>\n<p><b>Bifidobacterium breve:<\/b> es necesario para tu digesti\u00f3n; ayuda tambi\u00e9n en el mejoramiento en los s\u00edntomas de algunas alergias.<\/p>\n<\/p><\/div>\n<\/div>\n","protected":false},"excerpt":{"rendered":"<p><span style=\"font-weight: 400;\">Los Probi\u00f3ticos son microorganismos vivos que se encuentran naturalmente en los intestinos, que mantienen tu tracto digestivo sano y adem\u00e1s te ayudan a limitar el crecimiento de bacterias da\u00f1inas a tu organismo.<\/span><\/p>\n","protected":false},"featured_media":64,"comment_status":"closed","ping_status":"closed","template":"","meta":[],"_links":{"self":[{"href":"https:\/\/digestivohealth.com\/es\/wp-json\/wp\/v2\/product\/29"}],"collection":[{"href":"https:\/\/digestivohealth.com\/es\/wp-json\/wp\/v2\/product"}],"about":[{"href":"https:\/\/digestivohealth.com\/es\/wp-json\/wp\/v2\/types\/product"}],"replies":[{"embeddable":true,"href":"https:\/\/digestivohealth.com\/es\/wp-json\/wp\/v2\/comments?post=29"}],"wp:featuredmedia":[{"embeddable":true,"href":"https:\/\/digestivohealth.com\/es\/wp-json\/wp\/v2\/media\/64"}],"wp:attachment":[{"href":"https:\/\/digestivohealth.com\/es\/wp-json\/wp\/v2\/media?parent=29"}],"curies":[{"name":"wp","href":"https:\/\/api.w.org\/{rel}","templated":true}]}}