{"id":7,"date":"2020-09-23T20:08:30","date_gmt":"2020-09-23T20:08:30","guid":{"rendered":"https:\/\/digestivohealth.com\/es\/?post_type=product&#038;p=7"},"modified":"2024-02-15T05:23:13","modified_gmt":"2024-02-15T05:23:13","slug":"complete-enzymes","status":"publish","type":"product","link":"https:\/\/digestivohealth.com\/es\/producto\/complete-enzymes\/","title":{"rendered":"Complete Enzymes"},"content":{"rendered":"<div class=\"gridtres\">\n<div>\n<p><b>Complete Enzymes<\/b> contiene:<\/p>\n<p><b>Proteasa 1 and Proteasa 2:<\/b> te ayudan en la digesti\u00f3n de las prote\u00ednas de los alimentos.<\/p>\n<p><b>Aspergillopepsina:<\/b> Ayuda en la digesti\u00f3n del gluten.<\/p>\n<p><b>Amilasa:<\/b> ayuda en la digesti\u00f3n de los almidones de los carbohidratos como son la pasta, pan, arroz, papa, etc. Y en las az\u00facares simples, como las que se encuentran en la fruta.<\/p>\n<p><b>Lipasa:<\/b> descompone las grasas para que los intestinos las absorban.<\/p>\n<p><b>Celulasa:<\/b> es necesaria para digerir f\u00e1cilmente germinados, granos y vegetales.<\/p>\n<p><b>Glucoamilasa:<\/b> ayuda a descomponer el almid\u00f3n de los alimentos y a que se digiera con facilidad.<\/p>\n<p><b>Invertasa:<\/b> facilita la descomposici\u00f3n de los az\u00facares y su digesti\u00f3n.<\/p>\n<\/p><\/div>\n<div>\n<p><b>Alfa Galactosidasa:<\/b> promueve la digesti\u00f3n de az\u00facares y grasas complejas, as\u00ed como la descomposici\u00f3n de carbohidratos, privando as\u00ed a las bacterias del material t\u00f3xico que ellas utilizan para producir gas en los intestinos.<\/p>\n<p><b>Beta Glucanase:<\/b> apoya la digesti\u00f3n de granos pesados como trigo, cebada y centeno; tambi\u00e9n beneficia a las personas con sobrecrecimiento del hongo c\u00e1ndida.<\/p>\n<p><b>Pectinasa:<\/b> promueve el crecimiento y la salud de las bacterias buenas en el intestino; juega un papel clave en los procesos digestivos, el bienestar f\u00edsico general adem\u00e1s ayuda en la lucha contra el envejecimiento.<\/p>\n<p><b>Xylanasa:<\/b> permite la liberaci\u00f3n \u00f3ptima de nutrientes de los vegetales ricos en fibra y previene los gases digestivos o las molestias asociadas con los vegetales fibrosos, granos y legumbres.<\/p>\n<\/p><\/div>\n<div>\n<p><b>Phytasa:<\/b> fundamental para la salud \u00f3sea, aumenta considerablemente la capacidad del cuerpo para absorber y asimilar minerales vitales como calcio, magnesio y hierro; reduce la acumulaci\u00f3n de t\u00f3xicos en el tracto digestivo.<\/p>\n<p><b>Hemicellulasa:<\/b> es muy importante para la descomposici\u00f3n de frutas, verduras y muchos cereales. Puede reducir el hongo c\u00e1ndida.<\/p>\n<p><b>Lactasa:<\/b> descompone la lactosa de los l\u00e1cteos y favorece la digesti\u00f3n de estos productos como son leche, helado, queso entre otros.<\/p>\n<p><b>Bromelaina:<\/b> reduce la indigesti\u00f3n y la acidez estomacal, as\u00ed como ayudar a fortalecer el sistema inmunol\u00f3gico.<\/p>\n<p><b>Papaina:<\/b> puede ayudar al est\u00f3mago a descomponer f\u00e1cilmente las prote\u00ednas de las carnes como son las de pollo, cerdo, vaca y as\u00ed  facilitar la absorci\u00f3n de nutrientes; tambi\u00e9n disolver las grasas y ayuda a suavizar la textura de la piel.<\/p>\n<p><b>Peptidasa:<\/b> ayuda a la digesti\u00f3n de prote\u00ednas.<\/p>\n<\/p><\/div>\n<\/div>\n","protected":false},"excerpt":{"rendered":"<p><span style=\"font-weight: 400;\">Mejora problemas digestivos como son, la inflamaci\u00f3n, gases y las molestias estomacales que se presentan despu\u00e9s de comer ciertos alimentos.<br \/>\nTener un balance en nuestro cuerpo es de gran importancia para que as\u00ed funcione apropiadamente, y una de las mejores formas de lograrlo es con Complete Enzymes.<\/span><\/p>\n","protected":false},"featured_media":8,"comment_status":"closed","ping_status":"closed","template":"","meta":[],"_links":{"self":[{"href":"https:\/\/digestivohealth.com\/es\/wp-json\/wp\/v2\/product\/7"}],"collection":[{"href":"https:\/\/digestivohealth.com\/es\/wp-json\/wp\/v2\/product"}],"about":[{"href":"https:\/\/digestivohealth.com\/es\/wp-json\/wp\/v2\/types\/product"}],"replies":[{"embeddable":true,"href":"https:\/\/digestivohealth.com\/es\/wp-json\/wp\/v2\/comments?post=7"}],"wp:featuredmedia":[{"embeddable":true,"href":"https:\/\/digestivohealth.com\/es\/wp-json\/wp\/v2\/media\/8"}],"wp:attachment":[{"href":"https:\/\/digestivohealth.com\/es\/wp-json\/wp\/v2\/media?parent=7"}],"curies":[{"name":"wp","href":"https:\/\/api.w.org\/{rel}","templated":true}]}}